{"id":8,"date":"2020-08-18T20:27:21","date_gmt":"2020-08-18T20:27:21","guid":{"rendered":"http:\/\/tommybarber.cz\/?page_id=8"},"modified":"2025-04-01T12:24:47","modified_gmt":"2025-04-01T12:24:47","slug":"uvod","status":"publish","type":"page","link":"https:\/\/tommybarber.cz\/","title":{"rendered":"\u00davod"},"content":{"rendered":"<p>[et_pb_section fb_built=&#8220;1&#8243; next_background_color=&#8220;#ffffff&#8220; _builder_version=&#8220;4.16&#8243; background_enable_color=&#8220;off&#8220; background_image=&#8220;https:\/\/tommybarber.cz\/wp-content\/uploads\/2020\/09\/IMG-20200905-WA0007_70.jpg&#8220; parallax=&#8220;on&#8220; top_divider_style=&#8220;mountains2&#8243; top_divider_color=&#8220;rgba(0,0,0,0.29)&#8220; top_divider_height=&#8220;342px&#8220; bottom_divider_style=&#8220;slant2&#8243; global_colors_info=&#8220;{}&#8220;][et_pb_row _builder_version=&#8220;4.16&#8243; global_colors_info=&#8220;{}&#8220;][et_pb_column type=&#8220;4_4&#8243; _builder_version=&#8220;4.16&#8243; global_colors_info=&#8220;{}&#8220;][et_pb_image src=&#8220;https:\/\/tommybarber.cz\/wp-content\/uploads\/2020\/09\/logo_circlewhite-300&#215;300.png&#8220; title_text=&#8220;logo_circlewhite&#8220; align=&#8220;center&#8220; _builder_version=&#8220;4.16&#8243; global_colors_info=&#8220;{}&#8220;][\/et_pb_image][\/et_pb_column][\/et_pb_row][et_pb_row _builder_version=&#8220;4.16&#8243; global_colors_info=&#8220;{}&#8220;][et_pb_column type=&#8220;4_4&#8243; _builder_version=&#8220;4.16&#8243; global_colors_info=&#8220;{}&#8220;][et_pb_text _builder_version=&#8220;4.16&#8243; text_font=&#8220;Abril Fatface|700||||on|||&#8220; text_text_color=&#8220;#ffffff&#8220; text_font_size=&#8220;23px&#8220; header_font_size=&#8220;75px&#8220; background_layout=&#8220;dark&#8220; header_font_tablet=&#8220;&#8220; header_font_phone=&#8220;&#8220; header_font_last_edited=&#8220;on|phone&#8220; global_colors_info=&#8220;{}&#8220;]<\/p>\n<h1 style=\"text-align: center;\"><strong>Tommy Barber Shop<\/strong><\/h1>\n<p>[\/et_pb_text][et_pb_text _builder_version=&#8220;4.16&#8243; text_font=&#8220;|300|||||||&#8220; background_layout=&#8220;dark&#8220; global_colors_info=&#8220;{}&#8220;]<\/p>\n<p style=\"text-align: center;\"><span class=\" author-d-1gg9uz65z1iz85zgdz68zmqkz84zo2qoxwev6uz76zz76zz65z52z67zz83zkwvz74zz66zz87zz71zyz75zyaz77zz74zvz84z7kz85zz71z\"><b><\/b><\/span><span class=\" author-d-1gg9uz65z1iz85zgdz68zmqkz84zo2qoxwev6uz76zz76zz65z52z67zz83zkwvz74zz66zz87zz71zyz75zyaz77zz74zvz84z7kz85zz71z\">Tommy Barbershop je p\u00e1nsk\u00e9 holi\u010dstv\u00ed na Barrandov\u011b a nab\u00edz\u00ed pro mu\u017ee<\/span><span class=\" author-d-1gg9uz65z1iz85zgdz68zmqkz84zo2qoxwev6uz76zz76zz65z52z67zz83zkwvz74zz66zz87zz71zyz75zyaz77zz74zvz84z7kz85zz71z s-lparen\"> <\/span><span class=\" author-d-1gg9uz65z1iz85zgdz68zmqkz84zo2qoxwev6uz76zz76zz65z52z67zz83zkwvz74zz66zz87zz71zyz75zyaz77zz74zvz84z7kz85zz71z h-lparen\">(nap\u0159\u00ed\u010d<\/span><span class=\" author-d-1gg9uz65z1iz85zgdz68zmqkz84zo2qoxwev6uz76zz76zz65z52z67zz83zkwvz74zz66zz87zz71zyz75zyaz77zz74zvz84z7kz85zz71z\"> generacemi) nejen z okol\u00ed Barrandova, kvalitn\u00ed slu\u017eby st\u0159\u00edh\u00e1n\u00ed vlas\u016f a \u00fapravy vous\u016f. \u00a0D\u00edky profesion\u00e1ln\u00ed p\u00e9\u010di se ka\u017ed\u00fd mu\u017e m\u016f\u017ee vydat sebev\u011bdom\u011b za sv\u00fdmi sny a postupn\u011b si je plnit. Tommy Barbershop vyz\u00fdv\u00e1 mu\u017ee k odpo\u010dinku a zaslou\u017een\u00e9mu relaxu od strast\u00ed v\u0161edn\u00edho dne.<\/span><\/p>\n<p>[\/et_pb_text][\/et_pb_column][\/et_pb_row][et_pb_row _builder_version=&#8220;4.16&#8243; _module_preset=&#8220;default&#8220; global_colors_info=&#8220;{}&#8220;][et_pb_column type=&#8220;4_4&#8243; _builder_version=&#8220;4.16&#8243; _module_preset=&#8220;default&#8220; global_colors_info=&#8220;{}&#8220;][et_pb_button button_url=&#8220;#rezervace&#8220; button_text=&#8220;Rezervovat&#8220; button_alignment=&#8220;center&#8220; _builder_version=&#8220;4.16&#8243; custom_button=&#8220;on&#8220; button_text_color=&#8220;#ffffff&#8220; button_bg_color=&#8220;rgba(145,145,145,0.31)&#8220; button_font=&#8220;|||on|||||&#8220; button_icon=&#8220;&#x52;||divi||400&#8243; global_colors_info=&#8220;{}&#8220; button_bg_color__hover_enabled=&#8220;on|desktop&#8220; button_bg_color__hover=&#8220;rgba(145,145,145,0.79)&#8220; button_bg_enable_color__hover=&#8220;on&#8220;][\/et_pb_button][\/et_pb_column][\/et_pb_row][\/et_pb_section][et_pb_section fb_built=&#8220;1&#8243; module_id=&#8220;o-nas&#8220; module_class=&#8220;o-nas&#8220; _builder_version=&#8220;4.16&#8243; _module_preset=&#8220;default&#8220; global_colors_info=&#8220;{}&#8220;][et_pb_row _builder_version=&#8220;4.16&#8243; _module_preset=&#8220;default&#8220; custom_margin=&#8220;0px|auto||auto|false|false&#8220; global_colors_info=&#8220;{}&#8220;][et_pb_column type=&#8220;4_4&#8243; _builder_version=&#8220;4.16&#8243; _module_preset=&#8220;default&#8220; global_colors_info=&#8220;{}&#8220;][et_pb_text _builder_version=&#8220;4.16&#8243; _module_preset=&#8220;default&#8220; header_2_font=&#8220;|||||on|||&#8220; header_2_font_size=&#8220;35px&#8220; global_colors_info=&#8220;{}&#8220;]<\/p>\n<h2 style=\"text-align: center;\"><strong>Kdo se o tebe postar\u00e1<\/strong><\/h2>\n<p>[\/et_pb_text][\/et_pb_column][\/et_pb_row][et_pb_row column_structure=&#8220;1_3,1_3,1_3&#8243; _builder_version=&#8220;4.16&#8243; _module_preset=&#8220;default&#8220; global_colors_info=&#8220;{}&#8220;][et_pb_column type=&#8220;1_3&#8243; _builder_version=&#8220;4.16&#8243; _module_preset=&#8220;default&#8220; global_colors_info=&#8220;{}&#8220;][et_pb_image src=&#8220;https:\/\/tommybarber.cz\/wp-content\/uploads\/2023\/06\/Tomas-e1686180848393.png&#8220; title_text=&#8220;Tomas&#8220; align=&#8220;center&#8220; _builder_version=&#8220;4.21.0&#8243; _module_preset=&#8220;default&#8220; max_width=&#8220;320px&#8220; min_height=&#8220;320px&#8220; height=&#8220;320px&#8220; max_height=&#8220;320px&#8220; border_radii=&#8220;on|100%|100%|100%|100%&#8220; global_colors_info=&#8220;{}&#8220;][\/et_pb_image][et_pb_text _builder_version=&#8220;4.16&#8243; _module_preset=&#8220;default&#8220; header_3_font=&#8220;|||||on|||&#8220; global_colors_info=&#8220;{}&#8220;]<\/p>\n<h3 style=\"text-align: center;\">Tommy<\/h3>\n<p>[\/et_pb_text][et_pb_text _builder_version=&#8220;4.16&#8243; _module_preset=&#8220;default&#8220; global_colors_info=&#8220;{}&#8220;]<\/p>\n<p style=\"text-align: center;\"><strong>Propracovan\u00e1 klasika.<span class=\"Apple-converted-space\">\u00a0<\/span><\/strong><\/p>\n<p style=\"text-align: center;\">&#8222;Udr\u017eujete si r\u00e1di konzervativn\u00ed look? Posad\u030cte se pros\u00edm, jsou moj\u00ed pr\u030cednost\u00ed. S dlouholetou prax\u00ed m\u00e1m zlep\u0161en\u00fd smysl pro detail. V\u00e1\u0161 klasick\u00fd str\u030cih r\u00e1d povznesu na novou \u00faroven\u030c.&#8220;<\/p>\n<p>[\/et_pb_text][\/et_pb_column][et_pb_column type=&#8220;1_3&#8243; _builder_version=&#8220;4.16&#8243; _module_preset=&#8220;default&#8220; global_colors_info=&#8220;{}&#8220;][et_pb_image src=&#8220;https:\/\/tommybarber.cz\/wp-content\/uploads\/2024\/10\/20240909_125501-scaled-e1729072888518.jpg&#8220; title_text=&#8220;20240909_125501&#8243; align=&#8220;center&#8220; _builder_version=&#8220;4.27.2&#8243; _module_preset=&#8220;default&#8220; max_width=&#8220;320px&#8220; min_height=&#8220;320px&#8220; height=&#8220;320px&#8220; max_height=&#8220;320px&#8220; border_radii=&#8220;on|100%|100%|100%|100%&#8220; global_colors_info=&#8220;{}&#8220;][\/et_pb_image][et_pb_text _builder_version=&#8220;4.27.2&#8243; _module_preset=&#8220;default&#8220; header_3_font=&#8220;|||||on|||&#8220; global_colors_info=&#8220;{}&#8220;]<\/p>\n<h3 style=\"text-align: center;\">Vl\u00e1\u010fa<\/h3>\n<p>[\/et_pb_text][et_pb_text _builder_version=&#8220;4.27.2&#8243; _module_preset=&#8220;default&#8220; global_colors_info=&#8220;{}&#8220;]<\/p>\n<p style=\"text-align: center;\"><strong><span>Osobit\u00fd p\u0159\u00edstup<\/span>.<span class=\"Apple-converted-space\">\u00a0<\/span><\/strong><\/p>\n<p style=\"text-align: center;\"><span>,,Pro m\u011b je na prvn\u00edm m\u00edst\u011b v\u017edy Va\u0161e p\u0159edstava kterou respektuji. V\u017edy m\u00e1m dostatek \u010dasu na profesion\u00e1ln\u00ed p\u00e9\u010di. P\u0159em\u00fd\u0161l\u00edte o zm\u011bn\u011b, ale nejste si jist\u00ed? Poj\u010fme to spole\u010dn\u011b probrat.&#8220;<\/span><\/p>\n<p>[\/et_pb_text][\/et_pb_column][et_pb_column type=&#8220;1_3&#8243; _builder_version=&#8220;4.27.2&#8243; _module_preset=&#8220;default&#8220; global_colors_info=&#8220;{}&#8220;][et_pb_image src=&#8220;https:\/\/tommybarber.cz\/wp-content\/uploads\/2023\/06\/Martina-e1686181002778.png&#8220; title_text=&#8220;Martina&#8220; align=&#8220;center&#8220; _builder_version=&#8220;4.21.0&#8243; _module_preset=&#8220;default&#8220; max_width=&#8220;320px&#8220; min_height=&#8220;320px&#8220; height=&#8220;320px&#8220; max_height=&#8220;320px&#8220; border_radii=&#8220;on|50%|50%|50%|50%&#8220; global_colors_info=&#8220;{}&#8220;][\/et_pb_image][et_pb_text _builder_version=&#8220;4.16&#8243; _module_preset=&#8220;default&#8220; header_3_font=&#8220;|||||on|||&#8220; global_colors_info=&#8220;{}&#8220;]<\/p>\n<h3 style=\"text-align: center;\">Martina<\/h3>\n<p>[\/et_pb_text][et_pb_text _builder_version=&#8220;4.16&#8243; _module_preset=&#8220;default&#8220; global_colors_info=&#8220;{}&#8220;]<\/p>\n<p style=\"text-align: center;\"><strong>Precizn\u00ed a kreativn\u00ed.<span class=\"Apple-converted-space\">\u00a0<\/span><\/strong><\/p>\n<p style=\"text-align: center;\">&#8222;Pokud nem\u00e1te konkr\u00e9tn\u00ed pr\u030cedstavu str\u030cihu, tak j\u00e1 ano. Dokonal\u00fd str\u030cih pro V\u00e1s si dok\u00e1\u017eu vizualizovat a odvedu pr\u00e1ci tak, aby ladila k celkov\u00e9 viz\u00e1\u017ei.&#8220;<\/p>\n<p>[\/et_pb_text][\/et_pb_column][\/et_pb_row][\/et_pb_section][et_pb_section fb_built=&#8220;1&#8243; prev_background_color=&#8220;#ffffff&#8220; module_id=&#8220;cenik&#8220; module_class=&#8220;cenik&#8220; _builder_version=&#8220;4.16&#8243; _module_preset=&#8220;default&#8220; background_image=&#8220;https:\/\/tommybarber.cz\/wp-content\/uploads\/2020\/09\/0R6A5256.png&#8220; parallax=&#8220;on&#8220; top_divider_style=&#8220;slant2&#8243; top_divider_flip=&#8220;horizontal&#8220; global_colors_info=&#8220;{}&#8220;][et_pb_row _builder_version=&#8220;4.16&#8243; _module_preset=&#8220;default&#8220; global_colors_info=&#8220;{}&#8220;][et_pb_column type=&#8220;4_4&#8243; _builder_version=&#8220;4.16&#8243; _module_preset=&#8220;default&#8220; global_colors_info=&#8220;{}&#8220;][et_pb_text _builder_version=&#8220;4.16&#8243; _module_preset=&#8220;default&#8220; header_2_font=&#8220;|||||on|||&#8220; header_2_font_size=&#8220;35px&#8220; background_layout=&#8220;dark&#8220; global_colors_info=&#8220;{}&#8220;]<\/p>\n<h2 style=\"text-align: center;\"><strong>Cen\u00edk<\/strong><\/h2>\n<p>[\/et_pb_text][\/et_pb_column][\/et_pb_row][et_pb_row column_structure=&#8220;1_3,1_3,1_3&#8243; _builder_version=&#8220;4.16&#8243; _module_preset=&#8220;default&#8220; global_colors_info=&#8220;{}&#8220;][et_pb_column type=&#8220;1_3&#8243; _builder_version=&#8220;4.16&#8243; _module_preset=&#8220;default&#8220; global_colors_info=&#8220;{}&#8220;][et_pb_image src=&#8220;https:\/\/tommybarber.cz\/wp-content\/uploads\/2020\/09\/vlasy-300&#215;300.png&#8220; title_text=&#8220;vlasy&#8220; align=&#8220;center&#8220; _builder_version=&#8220;4.16&#8243; _module_preset=&#8220;default&#8220; global_colors_info=&#8220;{}&#8220;][\/et_pb_image][et_pb_text _builder_version=&#8220;4.16&#8243; _module_preset=&#8220;default&#8220; header_2_font=&#8220;|||||on|||&#8220; header_2_font_size=&#8220;35px&#8220; background_layout=&#8220;dark&#8220; global_colors_info=&#8220;{}&#8220;]<\/p>\n<h2 style=\"text-align: center;\"><strong>Vlasy<\/strong><\/h2>\n<p style=\"text-align: center;\"><span class=\" author-d-1gg9uz65z1iz85zgdz68zmqkz84zo2qoxwev6uz76zz76zz65z52z67zz83zkwvz74zz66zz87zz71zyz75zyaz77zz74zvz84z7kz85zz71z\">Konzultace st\u0159ihu, diagn\u00f3za vlas\u016f a vlasov\u00e9 poko\u017eky. St\u0159ih vlas\u016f n\u016f\u017ekami i strojkem, myt\u00ed vlas\u016f a jejich n\u00e1sledn\u00fd styling.<\/span><\/p>\n<p style=\"text-align: center;\"><span class=\" author-d-1gg9uz65z1iz85zgdz68zmqkz84zo2qoxwev6uz76zz76zz65z52z67zz83zkwvz74zz66zz87zz71zyz75zyaz77zz74zvz84z7kz85zz71z\"><\/span><\/p>\n<h3 style=\"text-align: center;\"><strong><span class=\" author-d-1gg9uz65z1iz85zgdz68zmqkz84zo2qoxwev6uz76zz76zz65z52z67zz83zkwvz74zz66zz87zz71zyz75zyaz77zz74zvz84z7kz85zz71z\">650 K\u010d<\/span><\/strong><\/h3>\n<p>[\/et_pb_text][\/et_pb_column][et_pb_column type=&#8220;1_3&#8243; _builder_version=&#8220;4.16&#8243; _module_preset=&#8220;default&#8220; global_colors_info=&#8220;{}&#8220;][et_pb_image src=&#8220;https:\/\/tommybarber.cz\/wp-content\/uploads\/2020\/09\/vousy-300&#215;300.png&#8220; title_text=&#8220;vousy&#8220; align=&#8220;center&#8220; _builder_version=&#8220;4.16&#8243; _module_preset=&#8220;default&#8220; global_colors_info=&#8220;{}&#8220;][\/et_pb_image][et_pb_text _builder_version=&#8220;4.16&#8243; _module_preset=&#8220;default&#8220; header_2_font=&#8220;|||||on|||&#8220; header_2_font_size=&#8220;35px&#8220; background_layout=&#8220;dark&#8220; global_colors_info=&#8220;{}&#8220;]<\/p>\n<h2 style=\"text-align: center;\"><strong>Vousy<\/strong><\/h2>\n<p style=\"text-align: center;\"><span class=\" author-d-1gg9uz65z1iz85zgdz68zmqkz84zo2qoxwev6uz76zz76zz65z52z67zz83zkwvz74zz66zz87zz71zyz75zyaz77zz74zvz84z7kz85zz71z\">\u00daprava vous\u016f strojkem, zaholen\u00ed kontur b\u0159itvou, p\u00e9\u010de o vousy, olej\u00ed\u010dek, kol\u00ednsk\u00e1.<\/span><\/p>\n<p style=\"text-align: center;\"><span class=\" author-d-1gg9uz65z1iz85zgdz68zmqkz84zo2qoxwev6uz76zz76zz65z52z67zz83zkwvz74zz66zz87zz71zyz75zyaz77zz74zvz84z7kz85zz71z\"><\/span><\/p>\n<p style=\"text-align: center;\"><span class=\" author-d-1gg9uz65z1iz85zgdz68zmqkz84zo2qoxwev6uz76zz76zz65z52z67zz83zkwvz74zz66zz87zz71zyz75zyaz77zz74zvz84z7kz85zz71z\"><\/span><\/p>\n<p style=\"text-align: center;\"><span class=\" author-d-1gg9uz65z1iz85zgdz68zmqkz84zo2qoxwev6uz76zz76zz65z52z67zz83zkwvz74zz66zz87zz71zyz75zyaz77zz74zvz84z7kz85zz71z\"><\/span><\/p>\n<h3 style=\"text-align: center;\"><strong><span class=\" author-d-1gg9uz65z1iz85zgdz68zmqkz84zo2qoxwev6uz76zz76zz65z52z67zz83zkwvz74zz66zz87zz71zyz75zyaz77zz74zvz84z7kz85zz71z\">500 K\u010d<\/span><\/strong><\/h3>\n<p>[\/et_pb_text][\/et_pb_column][et_pb_column type=&#8220;1_3&#8243; _builder_version=&#8220;4.16&#8243; _module_preset=&#8220;default&#8220; global_colors_info=&#8220;{}&#8220;][et_pb_image src=&#8220;https:\/\/tommybarber.cz\/wp-content\/uploads\/2020\/09\/komplet-300&#215;300.png&#8220; title_text=&#8220;komplet&#8220; align=&#8220;center&#8220; _builder_version=&#8220;4.16&#8243; _module_preset=&#8220;default&#8220; global_colors_info=&#8220;{}&#8220;][\/et_pb_image][et_pb_text _builder_version=&#8220;4.16&#8243; _module_preset=&#8220;default&#8220; header_2_font=&#8220;|||||on|||&#8220; header_2_font_size=&#8220;35px&#8220; background_layout=&#8220;dark&#8220; global_colors_info=&#8220;{}&#8220;]<\/p>\n<h2 style=\"text-align: center;\"><strong>Komplet<\/strong><\/h2>\n<p style=\"text-align: center;\">Kompletn\u00ed p\u00e9\u010de, kterou pot\u0159ebuje ka\u017ed\u00fd chlap. Bez kompromis\u016f. Obsahuje v\u0161e co Vlasy a Vousy.<\/p>\n<p style=\"text-align: center;\">\n<p style=\"text-align: center;\">\n<p style=\"text-align: center;\">\n<h3 style=\"text-align: center;\"><strong>1000 K\u010d<\/strong><\/h3>\n<p>[\/et_pb_text][\/et_pb_column][\/et_pb_row][et_pb_row _builder_version=&#8220;4.16&#8243; _module_preset=&#8220;default&#8220; global_colors_info=&#8220;{}&#8220;][et_pb_column type=&#8220;4_4&#8243; _builder_version=&#8220;4.16&#8243; _module_preset=&#8220;default&#8220; global_colors_info=&#8220;{}&#8220;][et_pb_button button_url=&#8220;#rezervace&#8220; button_text=&#8220;Rezervovat&#8220; button_alignment=&#8220;center&#8220; _builder_version=&#8220;4.16&#8243; custom_button=&#8220;on&#8220; button_text_color=&#8220;#ffffff&#8220; button_bg_color=&#8220;rgba(145,145,145,0.31)&#8220; button_font=&#8220;|||on|||||&#8220; button_icon=&#8220;&#x52;||divi||400&#8243; global_colors_info=&#8220;{}&#8220; button_bg_color__hover_enabled=&#8220;on|desktop&#8220; button_bg_color__hover=&#8220;rgba(145,145,145,0.79)&#8220; button_bg_enable_color__hover=&#8220;on&#8220;][\/et_pb_button][\/et_pb_column][\/et_pb_row][\/et_pb_section][et_pb_section fb_built=&#8220;1&#8243; fullwidth=&#8220;on&#8220; module_id=&#8220;kontakt&#8220; module_class=&#8220;kontakt&#8220; _builder_version=&#8220;4.16&#8243; _module_preset=&#8220;default&#8220; top_divider_style=&#8220;slant2&#8243; top_divider_color=&#8220;rgba(0,0,0,0)&#8220; global_colors_info=&#8220;{}&#8220;][et_pb_fullwidth_map address=&#8220;Hlubo\u010depy, 152 00 Praha 5, \u010cesko&#8220; zoom_level=&#8220;15&#8243; address_lat=&#8220;50.03103192415&#8243; address_lng=&#8220;14.368496687223&#8243; _builder_version=&#8220;4.16&#8243; _module_preset=&#8220;default&#8220; global_colors_info=&#8220;{}&#8220;][et_pb_map_pin title=&#8220;Tady jsme!&#8220; pin_address=&#8220;Trnkovo n\u00e1m. 1, 152 00 Praha 5-Barrandov, \u010cesko&#8220; zoom_level=&#8220;21&#8243; pin_address_lat=&#8220;50.030578214702&#8243; pin_address_lng=&#8220;14.368798974834&#8243; _builder_version=&#8220;4.14.7&#8243; _module_preset=&#8220;default&#8220; global_colors_info=&#8220;{}&#8220;]<\/p>\n<div class=\"SALvLe farUxc mJ2Mod\">\n<div class=\"i4J0ge\">\n<div class=\"EfDVh mod\" data-attrid=\"kc:\/location\/location:address\" data-md=\"1002\" lang=\"cs-CZ\" data-hveid=\"CBoQAA\" data-ved=\"2ahUKEwjf_Oqd7-3rAhVUiFwKHdJID3oQkCkwEHoECBoQAA\">\n<div class=\"Z1hOCe\">\n<div class=\"zloOqf PZPZlf\" data-dtype=\"d3ifr\" data-local-attribute=\"d3adr\" data-ved=\"2ahUKEwjf_Oqd7-3rAhVUiFwKHdJID3oQghwoADAQegQIGhAB\">\n<p><span class=\"LrzXr\">Trnkovo n\u00e1m. 1, 152 00 Praha 5-Barrandov<\/span><\/p>\n<div jscontroller=\"JpM2Oe\" class=\"GDRHkb\" data-at=\"2\" data-uid=\"1\" jsaction=\"rcuQ6b:npT2md\"><\/div>\n<\/div>\n<\/div>\n<\/div>\n<\/div>\n<\/div>\n<div class=\"mod\" data-attrid=\"kc:\/location\/location:hours\" data-md=\"1005\" lang=\"cs-CZ\" data-hveid=\"CBUQAA\" data-ved=\"2ahUKEwjf_Oqd7-3rAhVUiFwKHdJID3oQkCkwEnoECBUQAA\">\n<div class=\"Z1hOCe\">\n<div class=\"zloOqf PZPZlf\"><\/div>\n<\/div>\n<div class=\"mod\" data-attrid=\"kc:\/collection\/knowledge_panels\/has_phone:phone\" data-md=\"1006\" lang=\"cs-CZ\" data-hveid=\"CBQQAA\" data-ved=\"2ahUKEwjf_Oqd7-3rAhVUiFwKHdJID3oQkCkwE3oECBQQAA\">\n<div class=\"Z1hOCe\">\n<div class=\"zloOqf PZPZlf\" data-dtype=\"d3ifr\" data-local-attribute=\"d3ph\" data-ved=\"2ahUKEwjf_Oqd7-3rAhVUiFwKHdJID3oQ8I0BKAAwE3oECBQQAQ\"><span class=\"LrzXr zdqRlf kno-fv\"><\/span><\/div>\n<\/div>\n<\/div>\n<\/div>\n<p>[\/et_pb_map_pin][\/et_pb_fullwidth_map][\/et_pb_section][et_pb_section fb_built=&#8220;1&#8243; module_id=&#8220;rezervace&#8220; module_class=&#8220;rezervace&#8220; _builder_version=&#8220;4.16&#8243; _module_preset=&#8220;default&#8220; global_colors_info=&#8220;{}&#8220;][et_pb_row column_structure=&#8220;1_2,1_2&#8243; _builder_version=&#8220;4.16&#8243; _module_preset=&#8220;default&#8220; custom_margin=&#8220;11px|auto||auto||&#8220; custom_padding=&#8220;6px|||||&#8220; global_colors_info=&#8220;{}&#8220;][et_pb_column type=&#8220;1_2&#8243; _builder_version=&#8220;4.16&#8243; _module_preset=&#8220;default&#8220; global_colors_info=&#8220;{}&#8220;][et_pb_blurb title=&#8220;Objednej se k n\u00e1m&#8220; use_icon=&#8220;on&#8220; font_icon=&#8220;&#xf095;||fa||900&#8243; image_icon_width=&#8220;57px&#8220; _builder_version=&#8220;4.16&#8243; _module_preset=&#8220;default&#8220; header_level=&#8220;h2&#8243; header_font=&#8220;|700|||||||&#8220; text_orientation=&#8220;center&#8220; global_colors_info=&#8220;{}&#8220;][\/et_pb_blurb][\/et_pb_column][et_pb_column type=&#8220;1_2&#8243; _builder_version=&#8220;4.16&#8243; _module_preset=&#8220;default&#8220; global_colors_info=&#8220;{}&#8220;][et_pb_blurb title=&#8220;Trnkovo n\u00e1m. 1, Praha &#8211; Barrandov&#8220; use_icon=&#8220;on&#8220; font_icon=&#8220;&#xe081;||divi||400&#8243; image_icon_width=&#8220;57px&#8220; _builder_version=&#8220;4.16&#8243; _module_preset=&#8220;default&#8220; header_level=&#8220;h2&#8243; header_font=&#8220;|700|||||||&#8220; text_orientation=&#8220;center&#8220; global_colors_info=&#8220;{}&#8220;][\/et_pb_blurb][\/et_pb_column][\/et_pb_row][et_pb_row column_structure=&#8220;1_3,1_3,1_3&#8243; _builder_version=&#8220;4.16&#8243; _module_preset=&#8220;default&#8220; global_colors_info=&#8220;{}&#8220;][et_pb_column type=&#8220;1_3&#8243; _builder_version=&#8220;4.16&#8243; _module_preset=&#8220;default&#8220; global_colors_info=&#8220;{}&#8220;][et_pb_blurb title=&#8220;Vl\u00e1\u010fa&#8220; _builder_version=&#8220;4.16&#8243; _module_preset=&#8220;default&#8220; header_level=&#8220;h2&#8243; body_font_size=&#8220;20px&#8220; text_orientation=&#8220;center&#8220; global_colors_info=&#8220;{}&#8220;]<\/p>\n<p>+420 603 774 376<\/p>\n<p>[\/et_pb_blurb][\/et_pb_column][et_pb_column type=&#8220;1_3&#8243; _builder_version=&#8220;4.16&#8243; _module_preset=&#8220;default&#8220; global_colors_info=&#8220;{}&#8220;][et_pb_blurb title=&#8220;Tom\u00e1\u0161&#8220; _builder_version=&#8220;4.16&#8243; _module_preset=&#8220;default&#8220; header_level=&#8220;h2&#8243; body_font_size=&#8220;20px&#8220; text_orientation=&#8220;center&#8220; global_colors_info=&#8220;{}&#8220;]<\/p>\n<p>+420 725 877 949<\/p>\n<p>[\/et_pb_blurb][\/et_pb_column][et_pb_column type=&#8220;1_3&#8243; _builder_version=&#8220;4.16&#8243; _module_preset=&#8220;default&#8220; global_colors_info=&#8220;{}&#8220;][et_pb_blurb title=&#8220;Martina&#8220; _builder_version=&#8220;4.16&#8243; _module_preset=&#8220;default&#8220; header_level=&#8220;h2&#8243; body_font_size=&#8220;20px&#8220; text_orientation=&#8220;center&#8220; global_colors_info=&#8220;{}&#8220;]<\/p>\n<p>+420 734 220 987<\/p>\n<p>[\/et_pb_blurb][\/et_pb_column][\/et_pb_row][\/et_pb_section]<\/p>\n","protected":false},"excerpt":{"rendered":"<p>Tommy Barber ShopTommy Barbershop je p\u00e1nsk\u00e9 holi\u010dstv\u00ed na Barrandov\u011b a nab\u00edz\u00ed pro mu\u017ee (nap\u0159\u00ed\u010d generacemi) nejen z okol\u00ed Barrandova, kvalitn\u00ed slu\u017eby st\u0159\u00edh\u00e1n\u00ed vlas\u016f a \u00fapravy vous\u016f. \u00a0D\u00edky profesion\u00e1ln\u00ed p\u00e9\u010di se ka\u017ed\u00fd mu\u017e m\u016f\u017ee vydat sebev\u011bdom\u011b za sv\u00fdmi sny a postupn\u011b si je plnit. Tommy Barbershop vyz\u00fdv\u00e1 mu\u017ee k odpo\u010dinku a zaslou\u017een\u00e9mu relaxu od strast\u00ed v\u0161edn\u00edho [&hellip;]<\/p>\n","protected":false},"author":1,"featured_media":0,"parent":0,"menu_order":0,"comment_status":"closed","ping_status":"closed","template":"","meta":{"_et_pb_use_builder":"on","_et_pb_old_content":"","_et_gb_content_width":"","footnotes":""},"class_list":["post-8","page","type-page","status-publish","hentry"],"_links":{"self":[{"href":"https:\/\/tommybarber.cz\/index.php?rest_route=\/wp\/v2\/pages\/8","targetHints":{"allow":["GET"]}}],"collection":[{"href":"https:\/\/tommybarber.cz\/index.php?rest_route=\/wp\/v2\/pages"}],"about":[{"href":"https:\/\/tommybarber.cz\/index.php?rest_route=\/wp\/v2\/types\/page"}],"author":[{"embeddable":true,"href":"https:\/\/tommybarber.cz\/index.php?rest_route=\/wp\/v2\/users\/1"}],"replies":[{"embeddable":true,"href":"https:\/\/tommybarber.cz\/index.php?rest_route=%2Fwp%2Fv2%2Fcomments&post=8"}],"version-history":[{"count":46,"href":"https:\/\/tommybarber.cz\/index.php?rest_route=\/wp\/v2\/pages\/8\/revisions"}],"predecessor-version":[{"id":169,"href":"https:\/\/tommybarber.cz\/index.php?rest_route=\/wp\/v2\/pages\/8\/revisions\/169"}],"wp:attachment":[{"href":"https:\/\/tommybarber.cz\/index.php?rest_route=%2Fwp%2Fv2%2Fmedia&parent=8"}],"curies":[{"name":"wp","href":"https:\/\/api.w.org\/{rel}","templated":true}]}}